{"id":10649,"date":"2024-01-18T08:37:05","date_gmt":"2024-01-18T07:37:05","guid":{"rendered":"https:\/\/ejaada.com\/?page_id=10649"},"modified":"2024-01-21T13:17:23","modified_gmt":"2024-01-21T12:17:23","slug":"%d8%a7%d9%82%d8%b1%d8%a3-%d9%88%d8%a7%d9%83%d8%aa%d8%a8","status":"publish","type":"page","link":"https:\/\/ejaada.com\/en\/beetleware\/%d8%a7%d9%82%d8%b1%d8%a3-%d9%88%d8%a7%d9%83%d8%aa%d8%a8\/","title":{"rendered":"Read and write"},"content":{"rendered":"<div data-elementor-type=\"wp-page\" data-elementor-id=\"10649\" class=\"elementor elementor-10649\" data-elementor-post-type=\"page\">\n\t\t\t\t\t\t<section class=\"elementor-section elementor-top-section elementor-element elementor-element-55d93960 elementor-section-boxed elementor-section-height-default elementor-section-height-default\" data-id=\"55d93960\" data-element_type=\"section\">\n\t\t\t\t\t\t<div class=\"elementor-container elementor-column-gap-default\">\n\t\t\t\t\t<div class=\"elementor-column elementor-col-100 elementor-top-column elementor-element elementor-element-183c7f21\" data-id=\"183c7f21\" data-element_type=\"column\">\n\t\t\t<div class=\"elementor-widget-wrap elementor-element-populated\">\n\t\t\t\t\t\t<div class=\"elementor-element elementor-element-1bf4c545 elementor-widget elementor-widget-heading\" data-id=\"1bf4c545\" data-element_type=\"widget\" data-widget_type=\"heading.default\">\n\t\t\t\t\t<h2 class=\"elementor-heading-title elementor-size-default\">A visual and audio dictionary rich in important terms and rich in meanings <br>Which helps in learning the Arabic language<\/h2>\t\t\t\t<\/div>\n\t\t\t\t<section class=\"elementor-section elementor-inner-section elementor-element elementor-element-bb5cadb elementor-section-boxed elementor-section-height-default elementor-section-height-default\" data-id=\"bb5cadb\" data-element_type=\"section\">\n\t\t\t\t\t\t<div class=\"elementor-container elementor-column-gap-default\">\n\t\t\t\t\t<div class=\"elementor-column elementor-col-33 elementor-inner-column elementor-element elementor-element-a3c8889\" data-id=\"a3c8889\" data-element_type=\"column\">\n\t\t\t<div class=\"elementor-widget-wrap elementor-element-populated\">\n\t\t\t\t\t\t<div class=\"elementor-element elementor-element-3d1d4c8 elementor-widget elementor-widget-image\" data-id=\"3d1d4c8\" data-element_type=\"widget\" data-widget_type=\"image.default\">\n\t\t\t\t\t\t\t\t\t\t\t\t\t\t\t<img fetchpriority=\"high\" decoding=\"async\" width=\"310\" height=\"220\" src=\"https:\/\/ejaada.com\/wp-content\/uploads\/2024\/01\/\u0643\u0644\u0645\u0627\u062a-\u0645\u062a\u0631\u062c\u0645\u0629\u0629.png\" class=\"attachment-large size-large wp-image-10658\" alt=\"\" srcset=\"https:\/\/ejaada.com\/wp-content\/uploads\/2024\/01\/\u0643\u0644\u0645\u0627\u062a-\u0645\u062a\u0631\u062c\u0645\u0629\u0629.png 310w, https:\/\/ejaada.com\/wp-content\/uploads\/2024\/01\/\u0643\u0644\u0645\u0627\u062a-\u0645\u062a\u0631\u062c\u0645\u0629\u0629-300x213.png 300w, https:\/\/ejaada.com\/wp-content\/uploads\/2024\/01\/\u0643\u0644\u0645\u0627\u062a-\u0645\u062a\u0631\u062c\u0645\u0629\u0629-18x12.png 18w\" sizes=\"(max-width: 310px) 100vw, 310px\" \/>\t\t\t\t\t\t\t\t\t\t\t\t\t\t\t<\/div>\n\t\t\t\t\t<\/div>\n\t\t<\/div>\n\t\t\t\t<div class=\"elementor-column elementor-col-33 elementor-inner-column elementor-element elementor-element-3754d0c\" data-id=\"3754d0c\" data-element_type=\"column\">\n\t\t\t<div class=\"elementor-widget-wrap elementor-element-populated\">\n\t\t\t\t\t\t<div class=\"elementor-element elementor-element-dca948d elementor-widget elementor-widget-image\" data-id=\"dca948d\" data-element_type=\"widget\" data-widget_type=\"image.default\">\n\t\t\t\t\t\t\t\t\t\t\t\t\t\t\t<img decoding=\"async\" width=\"310\" height=\"220\" src=\"https:\/\/ejaada.com\/wp-content\/uploads\/2024\/01\/\u0643\u0644\u0645\u0627\u062a-\u0645\u0635\u0648\u0631\u0629\u0629.png\" class=\"attachment-large size-large wp-image-10657\" alt=\"\" srcset=\"https:\/\/ejaada.com\/wp-content\/uploads\/2024\/01\/\u0643\u0644\u0645\u0627\u062a-\u0645\u0635\u0648\u0631\u0629\u0629.png 310w, https:\/\/ejaada.com\/wp-content\/uploads\/2024\/01\/\u0643\u0644\u0645\u0627\u062a-\u0645\u0635\u0648\u0631\u0629\u0629-300x213.png 300w, https:\/\/ejaada.com\/wp-content\/uploads\/2024\/01\/\u0643\u0644\u0645\u0627\u062a-\u0645\u0635\u0648\u0631\u0629\u0629-18x12.png 18w\" sizes=\"(max-width: 310px) 100vw, 310px\" \/>\t\t\t\t\t\t\t\t\t\t\t\t\t\t\t<\/div>\n\t\t\t\t\t<\/div>\n\t\t<\/div>\n\t\t\t\t<div class=\"elementor-column elementor-col-33 elementor-inner-column elementor-element elementor-element-ff81cea\" data-id=\"ff81cea\" data-element_type=\"column\">\n\t\t\t<div class=\"elementor-widget-wrap elementor-element-populated\">\n\t\t\t\t\t\t<div class=\"elementor-element elementor-element-d7b6c32 elementor-widget elementor-widget-image\" data-id=\"d7b6c32\" data-element_type=\"widget\" data-widget_type=\"image.default\">\n\t\t\t\t\t\t\t\t\t\t\t\t\t\t\t<img decoding=\"async\" width=\"310\" height=\"220\" src=\"https:\/\/ejaada.com\/wp-content\/uploads\/2024\/01\/\u0627\u0642\u0631\u0627-\u0648\u0627\u0643\u062a\u0628.png\" class=\"attachment-large size-large wp-image-10654\" alt=\"\" srcset=\"https:\/\/ejaada.com\/wp-content\/uploads\/2024\/01\/\u0627\u0642\u0631\u0627-\u0648\u0627\u0643\u062a\u0628.png 310w, https:\/\/ejaada.com\/wp-content\/uploads\/2024\/01\/\u0627\u0642\u0631\u0627-\u0648\u0627\u0643\u062a\u0628-300x213.png 300w, https:\/\/ejaada.com\/wp-content\/uploads\/2024\/01\/\u0627\u0642\u0631\u0627-\u0648\u0627\u0643\u062a\u0628-18x12.png 18w\" sizes=\"(max-width: 310px) 100vw, 310px\" \/>\t\t\t\t\t\t\t\t\t\t\t\t\t\t\t<\/div>\n\t\t\t\t<div class=\"elementor-element elementor-element-8036335 elementor-widget-divider--view-line elementor-widget elementor-widget-divider\" data-id=\"8036335\" data-element_type=\"widget\" data-widget_type=\"divider.default\">\n\t\t\t\t\t\t\t<div class=\"elementor-divider\">\n\t\t\t<span class=\"elementor-divider-separator\">\n\t\t\t\t\t\t<\/span>\n\t\t<\/div>\n\t\t\t\t\t\t<\/div>\n\t\t\t\t\t<\/div>\n\t\t<\/div>\n\t\t\t\t\t<\/div>\n\t\t<\/section>\n\t\t\t\t\t<\/div>\n\t\t<\/div>\n\t\t\t\t\t<\/div>\n\t\t<\/section>\n\t\t\t\t<section class=\"elementor-section elementor-top-section elementor-element elementor-element-b82cb2d elementor-section-boxed elementor-section-height-default elementor-section-height-default\" data-id=\"b82cb2d\" data-element_type=\"section\">\n\t\t\t\t\t\t<div class=\"elementor-container elementor-column-gap-default\">\n\t\t\t\t\t<div class=\"elementor-column elementor-col-100 elementor-top-column elementor-element elementor-element-6600ccb\" data-id=\"6600ccb\" data-element_type=\"column\">\n\t\t\t<div class=\"elementor-widget-wrap\">\n\t\t\t\t\t\t\t<\/div>\n\t\t<\/div>\n\t\t\t\t\t<\/div>\n\t\t<\/section>\n\t\t\t\t<\/div>","protected":false},"excerpt":{"rendered":"<p>A visual audio dictionary rich in important terms and rich in meanings that help in learning the Arabic language. Directions of the pen. Letters. Shapes of letters. Vowels. Sounds of letters. Vowels (2) Read and write the numbers. Alif. Jim. Dhal Yin Al-Shain Al-Dhaa Al-Qaf Al-Sad Al-Ghain Al-Kaf Ad-Dad Al-Ghain L\u0101m, L\u0101\u2019, L\u0101\u2019, F\u0101\u2019, M\u012bm, N\u016bn, L\u0101h, L\u0101w [\u2026]<\/p>","protected":false},"author":210,"featured_media":0,"parent":10641,"menu_order":0,"comment_status":"closed","ping_status":"closed","template":"","meta":{"site-sidebar-layout":"no-sidebar","site-content-layout":"page-builder","ast-site-content-layout":"full-width-container","site-content-style":"default","site-sidebar-style":"default","ast-global-header-display":"","ast-banner-title-visibility":"","ast-main-header-display":"","ast-hfb-above-header-display":"","ast-hfb-below-header-display":"","ast-hfb-mobile-header-display":"","site-post-title":"disabled","ast-breadcrumbs-content":"","ast-featured-img":"disabled","footer-sml-layout":"","ast-disable-related-posts":"","theme-transparent-header-meta":"default","adv-header-id-meta":"","stick-header-meta":"","header-above-stick-meta":"","header-main-stick-meta":"","header-below-stick-meta":"","astra-migrate-meta-layouts":"set","ast-page-background-enabled":"default","ast-page-background-meta":{"desktop":{"background-color":"","background-image":"","background-repeat":"repeat","background-position":"center center","background-size":"auto","background-attachment":"scroll","background-type":"","background-media":"","overlay-type":"","overlay-color":"","overlay-opacity":"","overlay-gradient":""},"tablet":{"background-color":"","background-image":"","background-repeat":"repeat","background-position":"center center","background-size":"auto","background-attachment":"scroll","background-type":"","background-media":"","overlay-type":"","overlay-color":"","overlay-opacity":"","overlay-gradient":""},"mobile":{"background-color":"","background-image":"","background-repeat":"repeat","background-position":"center center","background-size":"auto","background-attachment":"scroll","background-type":"","background-media":"","overlay-type":"","overlay-color":"","overlay-opacity":"","overlay-gradient":""}},"ast-content-background-meta":{"desktop":{"background-color":"var(--ast-global-color-5)","background-image":"","background-repeat":"repeat","background-position":"center center","background-size":"auto","background-attachment":"scroll","background-type":"","background-media":"","overlay-type":"","overlay-color":"","overlay-opacity":"","overlay-gradient":""},"tablet":{"background-color":"var(--ast-global-color-5)","background-image":"","background-repeat":"repeat","background-position":"center center","background-size":"auto","background-attachment":"scroll","background-type":"","background-media":"","overlay-type":"","overlay-color":"","overlay-opacity":"","overlay-gradient":""},"mobile":{"background-color":"var(--ast-global-color-5)","background-image":"","background-repeat":"repeat","background-position":"center center","background-size":"auto","background-attachment":"scroll","background-type":"","background-media":"","overlay-type":"","overlay-color":"","overlay-opacity":"","overlay-gradient":""}},"footnotes":""},"class_list":["post-10649","page","type-page","status-publish","hentry"],"_links":{"self":[{"href":"https:\/\/ejaada.com\/en\/wp-json\/wp\/v2\/pages\/10649","targetHints":{"allow":["GET"]}}],"collection":[{"href":"https:\/\/ejaada.com\/en\/wp-json\/wp\/v2\/pages"}],"about":[{"href":"https:\/\/ejaada.com\/en\/wp-json\/wp\/v2\/types\/page"}],"author":[{"embeddable":true,"href":"https:\/\/ejaada.com\/en\/wp-json\/wp\/v2\/users\/210"}],"replies":[{"embeddable":true,"href":"https:\/\/ejaada.com\/en\/wp-json\/wp\/v2\/comments?post=10649"}],"version-history":[{"count":0,"href":"https:\/\/ejaada.com\/en\/wp-json\/wp\/v2\/pages\/10649\/revisions"}],"up":[{"embeddable":true,"href":"https:\/\/ejaada.com\/en\/wp-json\/wp\/v2\/pages\/10641"}],"wp:attachment":[{"href":"https:\/\/ejaada.com\/en\/wp-json\/wp\/v2\/media?parent=10649"}],"curies":[{"name":"wp","href":"https:\/\/api.w.org\/{rel}","templated":true}]}}